{"id":89,"date":"2024-01-20T21:13:35","date_gmt":"2024-01-20T21:13:35","guid":{"rendered":"https:\/\/events.ulbsibiu.ro\/cupadeschi\/?page_id=89"},"modified":"2026-02-28T08:54:35","modified_gmt":"2026-02-28T08:54:35","slug":"program","status":"publish","type":"page","link":"https:\/\/events.ulbsibiu.ro\/cupadeschi\/program\/","title":{"rendered":"Program"},"content":{"rendered":"\n<h3 class=\"wp-block-heading has-text-align-center\"><strong>CUPA&nbsp;UNIVERSIT\u0102\u0162II &#8220;LUCIAN BLAGA\u201d DIN SIBIU LA SCHI \u0218I SNOWBOARD<\/strong><br><strong>EDITIA a XII-a,&nbsp;7 martie 2026<\/strong><br><\/h3>\n\n\n\n<p><strong><em>PROGRAMUL DE DESF\u0102\u0218URARE<\/em><\/strong><\/p>\n\n\n\n<p><strong>8:30 \u2013 9:15<\/strong>\u00a0montarea traseului\u00a0<strong>de schi<\/strong><br><strong>8:30 \u2013 9:15\u00a0<\/strong>distribuirea numerelor de concurs pentru toate grupele.<br><strong>9:15<\/strong>\u00a0<strong>\u2013<\/strong>\u00a0afi\u0219area grilei de start pentru man\u0219a \u00eent\u00e2i pentru toate grupele de concurs.<br><strong>9:15 \u2013 09:45<\/strong>\u00a0recunoa\u0219terea traseului pentru prima man\u0219\u0103.<br><strong>9:50<\/strong>\u00a0<strong>\u2013<\/strong>\u00a0startul primului deschiz\u0103tor.<strong><br>10:00 \u2013<\/strong>\u00a0STARTUL primului concurent<\/p>\n\n\n\n<p><em>Dup\u0103 \u00eencheierea primei man\u0219e, dac\u0103 juriul probei hot\u0103r\u0103\u0219te organizarea man\u0219ei secunde la schi, se va trece la marcarea acesteia<\/em>. <strong>Dup\u0103 o jum\u0103tate de or\u0103 de la montarea traseului se va da startul \u00een<\/strong> <strong>man\u0219a secund\u0103. <\/strong>\u00cen acest interval de timp schiorii vor avea posibilitatea <strong>recunoa\u0219terii <\/strong>traseului.<\/p>\n\n\n\n<p>Dup\u0103 \u00eencheierea concursului de schi la o <strong>jum\u0103tate de or\u0103 de la montarea traseului<\/strong> se va da <strong>startul \u00een concursul de snowboard<\/strong> <strong>dup\u0103 ce \u00een prealabil se va face recunoa\u0219terea<\/strong> traseului.<br>La aproximativ jum\u0103tate de or\u0103 de la \u00eencheierea concursului se vor <strong>afi\u0219a rezultatele<\/strong>.<\/p>\n\n\n\n<p><strong>Festivitatea de premiere<\/strong> se va desf\u0103\u0219ura dup\u0103 trei sferturi de or\u0103 de la afi\u0219area rezultatelor.<\/p>\n\n\n\n<p><strong>ORDINEA DE START<\/strong><br><em><strong>Schi:&nbsp;<\/strong><br>1.&nbsp;<\/em>Profesoare;<br>2. Profesori;<br>3. Absolvente;<br>4. Absolven\u021bi;<br>5. Studente;<br>6. Studen\u021bi<\/p>\n\n\n\n<p><em><strong>Snowboard:<\/strong><\/em><br>7.&nbsp;Studente, absolvente \u015fi profesoare;<br>8. Studen\u0163i,&nbsp; absolven\u0163i \u015fi profesori<\/p>\n\n\n\n<p>* Pentru o bun\u0103 desf\u0103\u0219urare a concursului v\u0103 rug\u0103m s\u0103 citi\u021bi cu aten\u021bie programul \u0219i &nbsp;&nbsp;regulamentul de desf\u0103\u0219urare al concursului. Chiar dac\u0103 aceasta competi\u021bie se desf\u0103\u0219oar\u0103 sub auspiciile agrementului \u0219i prieteniei respectarea regulamentului \u00eenseamn\u0103 fairplay.<\/p>\n\n\n\n<p>** Organizatorii \u00ee\u0219i rezerv\u0103 dreptul de modificare a programului \u00een func\u021bie de num\u0103rul participan\u021bilor, condi\u021biile meteo, starea p\u00e2rtiei, condi\u021biile de siguran\u021b\u0103&nbsp; ale sportivilor sau alte probleme de natur\u0103 organizatoric\u0103, modific\u0103rile fiind aduse la cuno\u0219tin\u021ba concuren\u021bilor prin secretariatul concursului sau celelalte mijloace de informare.<\/p>\n\n\n\n<p><\/p>\n","protected":false},"excerpt":{"rendered":"<p>CUPA&nbsp;UNIVERSIT\u0102\u0162II &#8220;LUCIAN BLAGA\u201d DIN SIBIU LA SCHI \u0218I SNOWBOARDEDITIA a XII-a,&nbsp;7 martie 2026 PROGRAMUL DE DESF\u0102\u0218URARE 8:30 \u2013 9:15\u00a0montarea traseului\u00a0de schi8:30 \u2013 9:15\u00a0distribuirea numerelor de concurs pentru toate grupele.9:15\u00a0\u2013\u00a0afi\u0219area grilei de start pentru man\u0219a \u00eent\u00e2i pentru toate grupele de concurs.9:15 \u2013 09:45\u00a0recunoa\u0219terea traseului pentru prima man\u0219\u0103.9:50\u00a0\u2013\u00a0startul primului deschiz\u0103tor.10:00 \u2013\u00a0STARTUL primului concurent Dup\u0103 \u00eencheierea primei man\u0219e, [&hellip;]<\/p>\n","protected":false},"author":1,"featured_media":0,"parent":0,"menu_order":0,"comment_status":"closed","ping_status":"closed","template":"","meta":{"pgc_sgb_lightbox_settings":"","footnotes":""},"aioseo_notices":[],"_links":{"self":[{"href":"https:\/\/events.ulbsibiu.ro\/cupadeschi\/wp-json\/wp\/v2\/pages\/89"}],"collection":[{"href":"https:\/\/events.ulbsibiu.ro\/cupadeschi\/wp-json\/wp\/v2\/pages"}],"about":[{"href":"https:\/\/events.ulbsibiu.ro\/cupadeschi\/wp-json\/wp\/v2\/types\/page"}],"author":[{"embeddable":true,"href":"https:\/\/events.ulbsibiu.ro\/cupadeschi\/wp-json\/wp\/v2\/users\/1"}],"replies":[{"embeddable":true,"href":"https:\/\/events.ulbsibiu.ro\/cupadeschi\/wp-json\/wp\/v2\/comments?post=89"}],"version-history":[{"count":5,"href":"https:\/\/events.ulbsibiu.ro\/cupadeschi\/wp-json\/wp\/v2\/pages\/89\/revisions"}],"predecessor-version":[{"id":393,"href":"https:\/\/events.ulbsibiu.ro\/cupadeschi\/wp-json\/wp\/v2\/pages\/89\/revisions\/393"}],"wp:attachment":[{"href":"https:\/\/events.ulbsibiu.ro\/cupadeschi\/wp-json\/wp\/v2\/media?parent=89"}],"curies":[{"name":"wp","href":"https:\/\/api.w.org\/{rel}","templated":true}]}}