{"id":91,"date":"2024-01-20T21:13:50","date_gmt":"2024-01-20T21:13:50","guid":{"rendered":"https:\/\/events.ulbsibiu.ro\/cupadeschi\/?page_id=91"},"modified":"2026-02-05T19:44:06","modified_gmt":"2026-02-05T19:44:06","slug":"contact","status":"publish","type":"page","link":"https:\/\/events.ulbsibiu.ro\/cupadeschi\/contact\/","title":{"rendered":"Contact"},"content":{"rendered":"\n<p><\/p>\n\n\n\n<div class=\"wp-block-media-text is-stacked-on-mobile\" style=\"grid-template-columns:40% auto\"><figure class=\"wp-block-media-text__media\"><img loading=\"lazy\" decoding=\"async\" width=\"1024\" height=\"1024\" src=\"https:\/\/events.ulbsibiu.ro\/cupadeschi\/wp-content\/uploads\/2024\/01\/contact_illustration-1024x1024.png\" alt=\"\" class=\"wp-image-148 size-full\" srcset=\"https:\/\/events.ulbsibiu.ro\/cupadeschi\/wp-content\/uploads\/2024\/01\/contact_illustration-1024x1024.png 1024w, https:\/\/events.ulbsibiu.ro\/cupadeschi\/wp-content\/uploads\/2024\/01\/contact_illustration-300x300.png 300w, https:\/\/events.ulbsibiu.ro\/cupadeschi\/wp-content\/uploads\/2024\/01\/contact_illustration-150x150.png 150w, https:\/\/events.ulbsibiu.ro\/cupadeschi\/wp-content\/uploads\/2024\/01\/contact_illustration-768x767.png 768w, https:\/\/events.ulbsibiu.ro\/cupadeschi\/wp-content\/uploads\/2024\/01\/contact_illustration.png 1528w\" sizes=\"(max-width: 1024px) 100vw, 1024px\" \/><\/figure><div class=\"wp-block-media-text__content\">\n<p><strong>Termen limit\u0103 de \u00eenscriere 5 martie 2026, ora 16:00.<\/strong><\/p>\n\n\n\n<p>\u00censcrierile se fac\u00a0<a href=\"https:\/\/forms.gle\/Txe4Rh5HTXssLUXV6\" data-type=\"link\" data-id=\"https:\/\/forms.gle\/Txe4Rh5HTXssLUXV6\" target=\"_blank\" rel=\"noreferrer noopener\">online<\/a>\u00a0la <a href=\"https:\/\/forms.gle\/Txe4Rh5HTXssLUXV6\" data-type=\"link\" data-id=\"https:\/\/forms.gle\/Txe4Rh5HTXssLUXV6\">adresa formularului<\/a>.<br>Pentru\u00a0informa\u021bii\u00a0v\u0103\u00a0rug\u0103m\u00a0s\u0103\u00a0intra\u021bi\u00a0pe\u00a0site-ul de\u00a0mai\u00a0sus\u00a0iar\u00a0\u00een\u00a0cazul unor\u00a0l\u0103muriri\u00a0suplimentare\u00a0pute\u021bi\u00a0apela\u00a0num\u0103rul\u00a0de telefon:<br>0721 371 177\u00a0Olimpiu Savu (<strong>olimpiu.savu@ulbsibiu.ro<\/strong>)<br>&#8211;<strong> <\/strong><a title=\"\" href=\"mailto:olimpiu.savu@ulbsibiu.ro\" target=\"_blank\" rel=\"noopener\">director concurs<\/a><\/p>\n<\/div><\/div>\n","protected":false},"excerpt":{"rendered":"<p>Termen limit\u0103 de \u00eenscriere 5 martie 2026, ora 16:00. \u00censcrierile se fac\u00a0online\u00a0la adresa formularului.Pentru\u00a0informa\u021bii\u00a0v\u0103\u00a0rug\u0103m\u00a0s\u0103\u00a0intra\u021bi\u00a0pe\u00a0site-ul de\u00a0mai\u00a0sus\u00a0iar\u00a0\u00een\u00a0cazul unor\u00a0l\u0103muriri\u00a0suplimentare\u00a0pute\u021bi\u00a0apela\u00a0num\u0103rul\u00a0de telefon:0721 371 177\u00a0Olimpiu Savu (olimpiu.savu@ulbsibiu.ro)&#8211; director concurs<\/p>\n","protected":false},"author":1,"featured_media":0,"parent":0,"menu_order":0,"comment_status":"closed","ping_status":"closed","template":"","meta":{"pgc_sgb_lightbox_settings":"","footnotes":""},"aioseo_notices":[],"_links":{"self":[{"href":"https:\/\/events.ulbsibiu.ro\/cupadeschi\/wp-json\/wp\/v2\/pages\/91"}],"collection":[{"href":"https:\/\/events.ulbsibiu.ro\/cupadeschi\/wp-json\/wp\/v2\/pages"}],"about":[{"href":"https:\/\/events.ulbsibiu.ro\/cupadeschi\/wp-json\/wp\/v2\/types\/page"}],"author":[{"embeddable":true,"href":"https:\/\/events.ulbsibiu.ro\/cupadeschi\/wp-json\/wp\/v2\/users\/1"}],"replies":[{"embeddable":true,"href":"https:\/\/events.ulbsibiu.ro\/cupadeschi\/wp-json\/wp\/v2\/comments?post=91"}],"version-history":[{"count":4,"href":"https:\/\/events.ulbsibiu.ro\/cupadeschi\/wp-json\/wp\/v2\/pages\/91\/revisions"}],"predecessor-version":[{"id":369,"href":"https:\/\/events.ulbsibiu.ro\/cupadeschi\/wp-json\/wp\/v2\/pages\/91\/revisions\/369"}],"wp:attachment":[{"href":"https:\/\/events.ulbsibiu.ro\/cupadeschi\/wp-json\/wp\/v2\/media?parent=91"}],"curies":[{"name":"wp","href":"https:\/\/api.w.org\/{rel}","templated":true}]}}